{"id":1763,"date":"2025-07-27T07:16:14","date_gmt":"2025-07-26T23:16:14","guid":{"rendered":"https:\/\/www.cineunion.com.sg\/politique-de-confidentialite\/"},"modified":"2026-01-08T23:30:36","modified_gmt":"2026-01-08T15:30:36","slug":"politique-de-confidentialite","status":"publish","type":"page","link":"https:\/\/www.cineunion.com.sg\/fr\/politique-de-confidentialite\/","title":{"rendered":"Politique de confidentialit\u00e9"},"content":{"rendered":"\t\t<div data-elementor-type=\"wp-page\" data-elementor-id=\"1763\" class=\"elementor elementor-1763 elementor-3\" data-elementor-post-type=\"page\">\n\t\t\t\t\t\t<section class=\"elementor-section elementor-top-section elementor-element elementor-element-656d014f elementor-section-boxed elementor-section-height-default elementor-section-height-default\" data-id=\"656d014f\" data-element_type=\"section\" data-e-type=\"section\">\n\t\t\t\t\t\t<div class=\"elementor-container elementor-column-gap-default\">\n\t\t\t\t\t<div class=\"elementor-column elementor-col-100 elementor-top-column elementor-element elementor-element-3634313b\" data-id=\"3634313b\" data-element_type=\"column\" data-e-type=\"column\">\n\t\t\t<div class=\"elementor-widget-wrap elementor-element-populated\">\n\t\t\t\t\t\t<div class=\"elementor-element elementor-element-1dad64e5 elementor-widget elementor-widget-spacer\" data-id=\"1dad64e5\" data-element_type=\"widget\" data-e-type=\"widget\" data-widget_type=\"spacer.default\">\n\t\t\t\t\t\t\t<div class=\"elementor-spacer\">\n\t\t\t<div class=\"elementor-spacer-inner\"><\/div>\n\t\t<\/div>\n\t\t\t\t\t\t<\/div>\n\t\t\t\t<div class=\"elementor-element elementor-element-5a0ad67c elementor-widget elementor-widget-heading\" data-id=\"5a0ad67c\" data-element_type=\"widget\" data-e-type=\"widget\" data-widget_type=\"heading.default\">\n\t\t\t\t\t<h1 class=\"elementor-heading-title elementor-size-default\">Politique de confidentialit\u00e9<\/h1>\t\t\t\t<\/div>\n\t\t\t\t<div class=\"elementor-element elementor-element-1563d22a elementor-widget elementor-widget-text-editor\" data-id=\"1563d22a\" data-element_type=\"widget\" data-e-type=\"widget\" data-widget_type=\"text-editor.default\">\n\t\t\t\t\t\t\t\t\t<p>Le respect de votre vie priv\u00e9e est important pour CineUnion Pte Ltd (\u00ab CineUnion \u00bb). La pr\u00e9sente politique de confidentialit\u00e9 s\u2019applique aux sites web de CineUnion. Dans cette politique, les termes \u00ab nous \u00bb, \u00ab notre \u00bb ou \u00ab CineUnion \u00bb font r\u00e9f\u00e9rence \u00e0 CineUnion Pte Ltd. L\u2019expression \u00ab renseignements personnels \u00bb d\u00e9signe toute donn\u00e9e permettant d\u2019identifier ou de contacter une personne physique, et le terme \u00ab affili\u00e9s \u00bb d\u00e9signe toute soci\u00e9t\u00e9 qui nous contr\u00f4le, est contr\u00f4l\u00e9e par nous ou est sous contr\u00f4le commun avec nous.   <\/p>\t\t\t\t\t\t\t\t<\/div>\n\t\t\t\t\t<\/div>\n\t\t<\/div>\n\t\t\t\t\t<\/div>\n\t\t<\/section>\n\t\t\t\t<section class=\"elementor-section elementor-top-section elementor-element elementor-element-7068b36a elementor-section-boxed elementor-section-height-default elementor-section-height-default\" data-id=\"7068b36a\" data-element_type=\"section\" data-e-type=\"section\">\n\t\t\t\t\t\t<div class=\"elementor-container elementor-column-gap-default\">\n\t\t\t\t\t<div class=\"elementor-column elementor-col-100 elementor-top-column elementor-element elementor-element-78f7b692\" data-id=\"78f7b692\" data-element_type=\"column\" data-e-type=\"column\">\n\t\t\t<div class=\"elementor-widget-wrap elementor-element-populated\">\n\t\t\t\t\t\t<div class=\"elementor-element elementor-element-781d28 elementor-widget elementor-widget-heading\" data-id=\"781d28\" data-element_type=\"widget\" data-e-type=\"widget\" data-widget_type=\"heading.default\">\n\t\t\t\t\t<h3 class=\"elementor-heading-title elementor-size-default\">Quelles informations personnelles collectons-nous et traitons-nous ?<\/h3>\t\t\t\t<\/div>\n\t\t\t\t<div class=\"elementor-element elementor-element-2affdbe5 elementor-widget elementor-widget-text-editor\" data-id=\"2affdbe5\" data-element_type=\"widget\" data-e-type=\"widget\" data-widget_type=\"text-editor.default\">\n\t\t\t\t\t\t\t\t\t<p>Les informations personnelles que nous collectons et traitons peuvent inclure :<\/p>\n<ul>\n<li>Informations de base, telles que votre pr\u00e9nom, votre nom de famille, votre employeur, votre titre et votre poste, ainsi que votre langue pr\u00e9f\u00e9r\u00e9e ;<\/li>\n<li>Vos coordonn\u00e9es, telles que votre adresse \u00e9lectronique, votre adresse postale et votre num\u00e9ro de t\u00e9l\u00e9phone ;<\/li>\n<li>Informations commerciales, telles que le projet ou le domaine qui vous int\u00e9resse, votre relation commerciale avec CineUnion, les segments de march\u00e9 et d&rsquo;application ;<\/li>\n<li>Informations techniques (y compris votre adresse IP), telles que les informations provenant de vos visites sur nos sites web et de votre correspondance avec CineUnion ;<\/li>\n<li>Toute autre information vous concernant que vous pourriez nous fournir.<\/li>\n<\/ul>\t\t\t\t\t\t\t\t<\/div>\n\t\t\t\t<div class=\"elementor-element elementor-element-76d0605b elementor-widget elementor-widget-heading\" data-id=\"76d0605b\" data-element_type=\"widget\" data-e-type=\"widget\" data-widget_type=\"heading.default\">\n\t\t\t\t\t<h3 class=\"elementor-heading-title elementor-size-default\">Comment nous recueillons les renseignements personnels<\/h3>\t\t\t\t<\/div>\n\t\t\t\t<div class=\"elementor-element elementor-element-3cd7874f elementor-widget elementor-widget-text-editor\" data-id=\"3cd7874f\" data-element_type=\"widget\" data-e-type=\"widget\" data-widget_type=\"text-editor.default\">\n\t\t\t\t\t\t\t\t\t<p>Nous recevons vos informations personnelles chaque fois que vous \u00eates en contact avec CineUnion. Vous pouvez partager vos informations personnelles avec nous lorsque vous \u2013 <\/p>\n<ul>\n<li>Contactez-nous via le formulaire de contact ;<\/li>\n<li>Remplissez un formulaire sur notre site web ;<\/li>\n<li>Demander du contenu (par exemple, des brochures, des manuels ou du mat\u00e9riel de formation) ;<\/li>\n<li>Inscrivez-vous pour recevoir des communications par courriel ;<\/li>\n<li>Participez \u00e0 un sondage ;<\/li>\n<li>Demandez une assistance technique.<\/li>\n<\/ul>\t\t\t\t\t\t\t\t<\/div>\n\t\t\t\t<div class=\"elementor-element elementor-element-30d18c9e elementor-widget elementor-widget-heading\" data-id=\"30d18c9e\" data-element_type=\"widget\" data-e-type=\"widget\" data-widget_type=\"heading.default\">\n\t\t\t\t\t<h3 class=\"elementor-heading-title elementor-size-default\">\u00c0 quelles fins utilisons-nous ou traitons-nous vos informations personnelles<\/h3>\t\t\t\t<\/div>\n\t\t\t\t<div class=\"elementor-element elementor-element-61e0262b elementor-widget elementor-widget-text-editor\" data-id=\"61e0262b\" data-element_type=\"widget\" data-e-type=\"widget\" data-widget_type=\"text-editor.default\">\n\t\t\t\t\t\t\t\t\t<p>Les renseignements personnels que nous recueillons aupr\u00e8s de vous nous permettent de \u2013<\/p>\n<ul>\n<li>Vous tenir inform\u00e9 des derni\u00e8res annonces de produits, mises \u00e0 jour logicielles et \u00e9v\u00e9nements \u00e0 venir de CineUnion, sous r\u00e9serve de votre consentement ;<\/li>\n<li>R\u00e9pondre \u00e0 vos besoins en mati\u00e8re de contenu (par exemple, brochures, manuels ou supports de formation) ;<\/li>\n<li>R\u00e9pondre \u00e0 vos demandes et \u00e9changer des informations ;<\/li>\n<li>Assurer la gestion technique et fonctionnelle de nos sites web ;<\/li>\n<li>G\u00e9rer notre relation commerciale avec vous ou votre employeur ;<\/li>\n<li>Diffuser des enqu\u00eates ou du mat\u00e9riel marketing, sous r\u00e9serve de votre consentement ;<\/li>\n<li>Recueillir des informations sur vos pr\u00e9f\u00e9rences personnelles et am\u00e9liorer la qualit\u00e9 de nos produits, services, contenus et publicit\u00e9s, ainsi que nos communications avec vous ;<\/li>\n<li>Utiliser vos informations personnelles \u00e0 toute autre fin pour laquelle vous avez donn\u00e9 votre consentement.<\/li>\n<\/ul>\t\t\t\t\t\t\t\t<\/div>\n\t\t\t\t<div class=\"elementor-element elementor-element-52bae49d elementor-widget elementor-widget-heading\" data-id=\"52bae49d\" data-element_type=\"widget\" data-e-type=\"widget\" data-widget_type=\"heading.default\">\n\t\t\t\t\t<h3 class=\"elementor-heading-title elementor-size-default\">\u00c0 qui partageons-nous vos informations personnelles ?<\/h3>\t\t\t\t<\/div>\n\t\t\t\t<div class=\"elementor-element elementor-element-2fa82b15 elementor-widget elementor-widget-text-editor\" data-id=\"2fa82b15\" data-element_type=\"widget\" data-e-type=\"widget\" data-widget_type=\"text-editor.default\">\n\t\t\t\t\t\t\t\t\t<p>CineUnion est une entreprise multinationale poss\u00e9dant des filiales dans le monde entier. Vos informations personnelles peuvent \u00eatre partag\u00e9es entre toutes les filiales de CineUnion. Notre politique de confidentialit\u00e9 exige de toutes les filiales qu&rsquo;elles garantissent en permanence un niveau de protection des donn\u00e9es au moins \u00e9quivalent \u00e0 celui pr\u00e9vu par la loi sur la protection des donn\u00e9es personnelles. Par ailleurs, CineUnion partage des informations personnelles avec des tiers, y compris des soci\u00e9t\u00e9s bas\u00e9es \u00e0 Singapour et\/ou \u00e0 l&rsquo;\u00e9tranger, qui fournissent des services tels que le traitement des informations, le marketing et la communication, les promotions et programmes conjoints, la gestion et l&rsquo;am\u00e9lioration des donn\u00e9es clients, le service client, l&rsquo;\u00e9valuation de votre int\u00e9r\u00eat pour nos produits et services, ainsi que des \u00e9tudes de march\u00e9 et des enqu\u00eates de satisfaction.   <\/p>\n<p>Il se peut que CineUnion soit tenue de divulguer vos informations personnelles en vertu de la loi, d&rsquo;une proc\u00e9dure judiciaire, d&rsquo;un litige, d&rsquo;une d\u00e9cision de justice ou d&rsquo;une injonction des autorit\u00e9s de surveillance et gouvernementales, que ce soit dans votre pays de r\u00e9sidence ou \u00e0 l&rsquo;\u00e9tranger. Nous pouvons \u00e9galement partager ou transf\u00e9rer vos donn\u00e9es personnelles, si n\u00e9cessaire, conform\u00e9ment \u00e0 la l\u00e9gislation applicable en mati\u00e8re de protection des donn\u00e9es, ou \u00e0 des fins de s\u00e9curit\u00e9 nationale, d&rsquo;application de la loi ou pour d&rsquo;autres raisons d&rsquo;int\u00e9r\u00eat public. <\/p>\t\t\t\t\t\t\t\t<\/div>\n\t\t\t\t<div class=\"elementor-element elementor-element-7c0ed3bf elementor-widget elementor-widget-heading\" data-id=\"7c0ed3bf\" data-element_type=\"widget\" data-e-type=\"widget\" data-widget_type=\"heading.default\">\n\t\t\t\t\t<h3 class=\"elementor-heading-title elementor-size-default\">Combien de temps conservons-nous vos informations personnelles <\/h3>\t\t\t\t<\/div>\n\t\t\t\t<div class=\"elementor-element elementor-element-33d3eba4 elementor-widget elementor-widget-text-editor\" data-id=\"33d3eba4\" data-element_type=\"widget\" data-e-type=\"widget\" data-widget_type=\"text-editor.default\">\n\t\t\t\t\t\t\t\t\t<p>Vos donn\u00e9es personnelles seront conserv\u00e9es pendant la dur\u00e9e strictement n\u00e9cessaire aux fins d\u00e9crites dans la pr\u00e9sente Politique de confidentialit\u00e9, sauf si CineUnion est l\u00e9galement tenu ou autoris\u00e9 \u00e0 les conserver plus longtemps. Nous supprimerons vos donn\u00e9es personnelles sur simple demande de votre part. Cependant, les informations non personnelles seront conserv\u00e9es dans notre base de donn\u00e9es pour le fonctionnement, la maintenance et l&rsquo;am\u00e9lioration futurs de notre site web, de nos produits et de nos services.  <\/p>\t\t\t\t\t\t\t\t<\/div>\n\t\t\t\t<div class=\"elementor-element elementor-element-1bd0c687 elementor-widget elementor-widget-heading\" data-id=\"1bd0c687\" data-element_type=\"widget\" data-e-type=\"widget\" data-widget_type=\"heading.default\">\n\t\t\t\t\t<h3 class=\"elementor-heading-title elementor-size-default\">Comment nous prot\u00e9geons vos informations personnelles<\/h3>\t\t\t\t<\/div>\n\t\t\t\t<div class=\"elementor-element elementor-element-3896e535 elementor-widget elementor-widget-text-editor\" data-id=\"3896e535\" data-element_type=\"widget\" data-e-type=\"widget\" data-widget_type=\"text-editor.default\">\n\t\t\t\t\t\t\t\t\t<p>Nous mettrons en \u0153uvre des mesures de s\u00e9curit\u00e9 techniques et organisationnelles (notamment des pare-feu et des serveurs s\u00e9curis\u00e9s) afin de prot\u00e9ger vos donn\u00e9es personnelles contre tout acc\u00e8s et traitement non autoris\u00e9s ou illicites, ainsi que contre toute perte, destruction ou alt\u00e9ration accidentelle. Seul un nombre restreint de personnes disposant d&rsquo;autorisations d&rsquo;acc\u00e8s sp\u00e9cifiques aura connaissance de la nature de vos donn\u00e9es personnelles et pourra y acc\u00e9der. Nos proc\u00e9dures de s\u00e9curit\u00e9 internes relatives au stockage, \u00e0 l&rsquo;acc\u00e8s et \u00e0 la destruction des donn\u00e9es seront scrupuleusement respect\u00e9es. Par ailleurs, nous veillerons \u00e0 la s\u00e9curit\u00e9 de toute connexion \u00e0 des r\u00e9seaux non s\u00e9curis\u00e9s ou publics.   <\/p>\t\t\t\t\t\t\t\t<\/div>\n\t\t\t\t<div class=\"elementor-element elementor-element-6859be7f elementor-widget elementor-widget-heading\" data-id=\"6859be7f\" data-element_type=\"widget\" data-e-type=\"widget\" data-widget_type=\"heading.default\">\n\t\t\t\t\t<h3 class=\"elementor-heading-title elementor-size-default\">Prestataires de services tiers<\/h3>\t\t\t\t<\/div>\n\t\t\t\t<div class=\"elementor-element elementor-element-49757e05 elementor-widget elementor-widget-text-editor\" data-id=\"49757e05\" data-element_type=\"widget\" data-e-type=\"widget\" data-widget_type=\"text-editor.default\">\n\t\t\t\t\t\t\t\t\t<p>Nous pouvons faire appel \u00e0 des prestataires de services tiers pour offrir des services tels que le d\u00e9veloppement de logiciels et d&rsquo;applications, l&rsquo;analyse de donn\u00e9es, l&rsquo;h\u00e9bergement, la maintenance de bases de donn\u00e9es, la fourniture d&rsquo;autres plateformes technologiques ou les livraisons. Nous pouvons partager vos informations personnelles avec ces prestataires, dans la mesure o\u00f9 la communication de ces informations est n\u00e9cessaire \u00e0 l&rsquo;ex\u00e9cution des services fournis par CineUnion. Si vous communiquez s\u00e9par\u00e9ment vos informations personnelles \u00e0 des tiers et que nous partageons ensuite des informations non personnelles avec ces derniers, ces derniers peuvent associer les informations non personnelles que nous leur avons communiqu\u00e9es \u00e0 d&rsquo;autres informations personnelles que vous nous avez fournies.  <\/p>\n<p>Ce site web peut contenir des liens vers des applications, sites web ou services tiers. Nous pouvons \u00e9galement faire appel \u00e0 des tiers pour utiliser ou proposer des produits ou services sur notre site web. Veuillez noter que ces tiers peuvent utiliser des cookies ou d&rsquo;autres technologies pour collecter des informations vous concernant, notamment vos visites sur notre site web ou le navigateur que vous utilisez pour y acc\u00e9der. Vos informations peuvent \u00eatre collect\u00e9es, utilis\u00e9es et trait\u00e9es par ces tiers conform\u00e9ment \u00e0 leurs propres politiques de confidentialit\u00e9, qui peuvent diff\u00e9rer des n\u00f4tres.   <\/p>\n<p>Lorsque vous acc\u00e9dez \u00e0 une autre application, un site web ou un service exploit\u00e9 par des tiers, veuillez noter que la pr\u00e9sente Politique de confidentialit\u00e9 ne s&rsquo;applique pas \u00e0 ces applications, sites web ni \u00e0 aucun autre service tiers. Nous vous invitons \u00e0 consulter la politique de confidentialit\u00e9 de ces tiers concernant leur utilisation des cookies et autres technologies. CineUnion d\u00e9cline toute responsabilit\u00e9 quant aux politiques des applications, sites web et services tiers. Nous vous recommandons de toujours examiner les pratiques de confidentialit\u00e9 des tiers avant d&rsquo;acc\u00e9der \u00e0 leurs applications, sites web ou services.   <\/p>\t\t\t\t\t\t\t\t<\/div>\n\t\t\t\t<div class=\"elementor-element elementor-element-7c37fa31 elementor-widget elementor-widget-heading\" data-id=\"7c37fa31\" data-element_type=\"widget\" data-e-type=\"widget\" data-widget_type=\"heading.default\">\n\t\t\t\t\t<h3 class=\"elementor-heading-title elementor-size-default\">Quels sont vos droits et comment les exercer ? <\/h3>\t\t\t\t<\/div>\n\t\t\t\t<div class=\"elementor-element elementor-element-6a9a00b5 elementor-widget elementor-widget-text-editor\" data-id=\"6a9a00b5\" data-element_type=\"widget\" data-e-type=\"widget\" data-widget_type=\"text-editor.default\">\n\t\t\t\t\t\t\t\t\t<p>En ce qui concerne vos informations personnelles, vous disposez de plusieurs droits, notamment :<\/p>\n<ul>\n<li>Droit d&rsquo;acc\u00e8s \u00e0 vos renseignements personnels;<\/li>\n<li>Droit de corriger toute information personnelle inexacte et de tenir cette information \u00e0 jour ;<\/li>\n<li>Droit de restreindre, de refuser ou de s&rsquo;opposer \u00e0 toute utilisation ou tout traitement de vos renseignements personnels;<\/li>\n<li>Droit de porter plainte aupr\u00e8s des autorit\u00e9s de surveillance comp\u00e9tentes ;<\/li>\n<li>Tout autre droit en vertu des l\u00e9gislations applicables en mati\u00e8re de protection des donn\u00e9es (y compris la loi sur la protection des donn\u00e9es personnelles et le r\u00e8glement g\u00e9n\u00e9ral de l&rsquo;UE sur la protection des donn\u00e9es).<\/li>\n<\/ul>\n<p>Si une utilisation ou un traitement de vos donn\u00e9es personnelles est fond\u00e9 sur votre consentement, vous avez le droit de retirer ce consentement \u00e0 tout moment, sans que cela n&rsquo;affecte la l\u00e9gitimit\u00e9 de toute utilisation ou de tout traitement effectu\u00e9 avant ce retrait.<\/p>\t\t\t\t\t\t\t\t<\/div>\n\t\t\t\t<div class=\"elementor-element elementor-element-43eeb444 elementor-widget elementor-widget-heading\" data-id=\"43eeb444\" data-element_type=\"widget\" data-e-type=\"widget\" data-widget_type=\"heading.default\">\n\t\t\t\t\t<h3 class=\"elementor-heading-title elementor-size-default\">Respect de la vie priv\u00e9e des enfants<\/h3>\t\t\t\t<\/div>\n\t\t\t\t<div class=\"elementor-element elementor-element-6478ff25 elementor-widget elementor-widget-text-editor\" data-id=\"6478ff25\" data-element_type=\"widget\" data-e-type=\"widget\" data-widget_type=\"text-editor.default\">\n\t\t\t\t\t\t\t\t\t<p>CineUnion Tech ne fournit aucun produit ni service aux enfants de moins de 18 ans. Par cons\u00e9quent, nous ne collectons pas sciemment d&rsquo;informations personnelles concernant les enfants de moins de 18 ans. Si nous apprenons ult\u00e9rieurement avoir collect\u00e9 par inadvertance des informations personnelles concernant un enfant de moins de 18 ans, nous prendrons imm\u00e9diatement les mesures n\u00e9cessaires pour supprimer ces informations de nos bases de donn\u00e9es et bloquer l&rsquo;acc\u00e8s de l&rsquo;enfant \u00e0 notre site web dans les meilleurs d\u00e9lais.  <\/p>\t\t\t\t\t\t\t\t<\/div>\n\t\t\t\t<div class=\"elementor-element elementor-element-3afacfeb elementor-widget elementor-widget-heading\" data-id=\"3afacfeb\" data-element_type=\"widget\" data-e-type=\"widget\" data-widget_type=\"heading.default\">\n\t\t\t\t\t<h3 class=\"elementor-heading-title elementor-size-default\">Questions relatives \u00e0 la confidentialit\u00e9<\/h3>\t\t\t\t<\/div>\n\t\t\t\t<div class=\"elementor-element elementor-element-46a01de1 elementor-widget elementor-widget-text-editor\" data-id=\"46a01de1\" data-element_type=\"widget\" data-e-type=\"widget\" data-widget_type=\"text-editor.default\">\n\t\t\t\t\t\t\t\t\t<p>Si vous avez une demande de correction ou d\u2019acc\u00e8s, ou d\u2019autres questions, commentaires ou plaintes concernant l\u2019utilisation ou le traitement de vos informations personnelles, le site Web de CineUnion ou cette politique de confidentialit\u00e9, vous pouvez toujours nous contacter par courriel \u00e0 <a href=\"mailto:legal@cineunion.com.sg\">legal@cineunion.com.sg.<\/a><\/p>\t\t\t\t\t\t\t\t<\/div>\n\t\t\t\t<div class=\"elementor-element elementor-element-73fa9f17 elementor-widget elementor-widget-heading\" data-id=\"73fa9f17\" data-element_type=\"widget\" data-e-type=\"widget\" data-widget_type=\"heading.default\">\n\t\t\t\t\t<h3 class=\"elementor-heading-title elementor-size-default\">Mises \u00e0 jour<\/h3>\t\t\t\t<\/div>\n\t\t\t\t<div class=\"elementor-element elementor-element-1fc8f0fe elementor-widget elementor-widget-text-editor\" data-id=\"1fc8f0fe\" data-element_type=\"widget\" data-e-type=\"widget\" data-widget_type=\"text-editor.default\">\n\t\t\t\t\t\t\t\t\t<p>La politique de confidentialit\u00e9 de CineUnion a \u00e9t\u00e9 mise \u00e0 jour le 28 ao\u00fbt 2025. CineUnion se r\u00e9serve le droit de modifier cette politique de confidentialit\u00e9 p\u00e9riodiquement, notamment en fonction de l&rsquo;\u00e9volution de la l\u00e9gislation ou de ses proc\u00e9dures de s\u00e9curit\u00e9 internes. Toute modification sera publi\u00e9e sur notre site web et prendra effet d\u00e8s sa publication.  <\/p>\t\t\t\t\t\t\t\t<\/div>\n\t\t\t\t\t<\/div>\n\t\t<\/div>\n\t\t\t\t\t<\/div>\n\t\t<\/section>\n\t\t\t\t<\/div>\n\t\t","protected":false},"excerpt":{"rendered":"<p>Politique de confidentialit\u00e9 Le respect de votre vie priv\u00e9e est important pour CineUnion Pte Ltd (\u00ab CineUnion \u00bb). La pr\u00e9sente [&hellip;]<\/p>\n","protected":false},"author":1,"featured_media":0,"parent":0,"menu_order":0,"comment_status":"closed","ping_status":"open","template":"","meta":{"site-sidebar-layout":"default","site-content-layout":"","ast-site-content-layout":"default","site-content-style":"default","site-sidebar-style":"default","ast-global-header-display":"","ast-banner-title-visibility":"","ast-main-header-display":"","ast-hfb-above-header-display":"","ast-hfb-below-header-display":"","ast-hfb-mobile-header-display":"","site-post-title":"","ast-breadcrumbs-content":"","ast-featured-img":"","footer-sml-layout":"","theme-transparent-header-meta":"","adv-header-id-meta":"","stick-header-meta":"","header-above-stick-meta":"","header-main-stick-meta":"","header-below-stick-meta":"","astra-migrate-meta-layouts":"default","ast-page-background-enabled":"default","ast-page-background-meta":{"desktop":{"background-color":"var(--ast-global-color-5)","background-image":"","background-repeat":"repeat","background-position":"center center","background-size":"auto","background-attachment":"scroll","background-type":"","background-media":"","overlay-type":"","overlay-color":"","overlay-opacity":"","overlay-gradient":""},"tablet":{"background-color":"","background-image":"","background-repeat":"repeat","background-position":"center center","background-size":"auto","background-attachment":"scroll","background-type":"","background-media":"","overlay-type":"","overlay-color":"","overlay-opacity":"","overlay-gradient":""},"mobile":{"background-color":"","background-image":"","background-repeat":"repeat","background-position":"center center","background-size":"auto","background-attachment":"scroll","background-type":"","background-media":"","overlay-type":"","overlay-color":"","overlay-opacity":"","overlay-gradient":""}},"ast-content-background-meta":{"desktop":{"background-color":"var(--ast-global-color-4)","background-image":"","background-repeat":"repeat","background-position":"center center","background-size":"auto","background-attachment":"scroll","background-type":"","background-media":"","overlay-type":"","overlay-color":"","overlay-opacity":"","overlay-gradient":""},"tablet":{"background-color":"var(--ast-global-color-4)","background-image":"","background-repeat":"repeat","background-position":"center center","background-size":"auto","background-attachment":"scroll","background-type":"","background-media":"","overlay-type":"","overlay-color":"","overlay-opacity":"","overlay-gradient":""},"mobile":{"background-color":"var(--ast-global-color-4)","background-image":"","background-repeat":"repeat","background-position":"center center","background-size":"auto","background-attachment":"scroll","background-type":"","background-media":"","overlay-type":"","overlay-color":"","overlay-opacity":"","overlay-gradient":""}},"footnotes":""},"class_list":["post-1763","page","type-page","status-publish","hentry"],"_links":{"self":[{"href":"https:\/\/www.cineunion.com.sg\/fr\/wp-json\/wp\/v2\/pages\/1763","targetHints":{"allow":["GET"]}}],"collection":[{"href":"https:\/\/www.cineunion.com.sg\/fr\/wp-json\/wp\/v2\/pages"}],"about":[{"href":"https:\/\/www.cineunion.com.sg\/fr\/wp-json\/wp\/v2\/types\/page"}],"author":[{"embeddable":true,"href":"https:\/\/www.cineunion.com.sg\/fr\/wp-json\/wp\/v2\/users\/1"}],"replies":[{"embeddable":true,"href":"https:\/\/www.cineunion.com.sg\/fr\/wp-json\/wp\/v2\/comments?post=1763"}],"version-history":[{"count":1,"href":"https:\/\/www.cineunion.com.sg\/fr\/wp-json\/wp\/v2\/pages\/1763\/revisions"}],"predecessor-version":[{"id":1764,"href":"https:\/\/www.cineunion.com.sg\/fr\/wp-json\/wp\/v2\/pages\/1763\/revisions\/1764"}],"wp:attachment":[{"href":"https:\/\/www.cineunion.com.sg\/fr\/wp-json\/wp\/v2\/media?parent=1763"}],"curies":[{"name":"wp","href":"https:\/\/api.w.org\/{rel}","templated":true}]}}